{"id":141,"date":"2014-02-01T18:20:53","date_gmt":"2014-02-01T17:20:53","guid":{"rendered":"http:\/\/svenska-foreningen-hannover.eu\/?page_id=141"},"modified":"2026-01-18T13:37:07","modified_gmt":"2026-01-18T12:37:07","slug":"vorstand","status":"publish","type":"page","link":"https:\/\/svenska-foreningen-hannover.eu\/SE\/vorstand\/","title":{"rendered":"Styrelse"},"content":{"rendered":"<p><\/p>\n<table style=\"width: 662.483px;\">\n<tbody>\n<tr>\n<td style=\"width: 152px;\"><\/td>\n<td style=\"text-align: left; vertical-align: top; width: 492.483px;\"><\/td>\n<\/tr>\n<tr>\n<td style=\"width: 152px;\"><img decoding=\"async\" class=\"\" src=\"https:\/\/svenska-foreningen-hannover.eu\/wp-content\/uploads\/IMG-20250523-WA0005-1.jpg\" \/><\/td>\n<td style=\"text-align: left; vertical-align: top; width: 471.45px;\">\n<h3>Bodil Mohlund (ordf\u00f6rande)<\/h3>\n<p>Jag kommer fr\u00e5n Ljusdal och \u00e4r glad \u00f6ver att vara ny ordf\u00f6rande!<\/td>\n<\/tr>\n<tr>\n<td style=\"width: 152px;\"><img loading=\"lazy\" decoding=\"async\" class=\"alignnone size-full wp-image-1333\" src=\"https:\/\/svenska-foreningen-hannover.eu\/wp-content\/uploads\/IMG_20230908_192953710_Olaf.jpg\" alt=\"\" width=\"600\" height=\"800\" srcset=\"https:\/\/svenska-foreningen-hannover.eu\/wp-content\/uploads\/IMG_20230908_192953710_Olaf.jpg 600w, https:\/\/svenska-foreningen-hannover.eu\/wp-content\/uploads\/IMG_20230908_192953710_Olaf-225x300.jpg 225w\" sizes=\"auto, (max-width: 600px) 100vw, 600px\" \/><\/td>\n<td style=\"text-align: left; vertical-align: top; width: 471.45px;\">\n<h3>Olaf Wildeboer (sekreterare)<\/h3>\n<p>Jag \u00e4r f\u00f6r tillf\u00e4llet sekreterare i f\u00f6reningen och uppvuxen i Hannover.<\/p>\n<div>Sedan 1996 \u00e4r jag aktiv som b\u00e5tbyggare bl. a. i Stockholm och har l\u00e4rt mig svenska sedan dess. I v\u00e5r f\u00f6rening har svenskar och tyskar bra kontakt i en familj\u00e4r atmosf\u00e4r, vilket jag g\u00e4rna vill ge ett bidrag till.<\/div>\n<p>&nbsp;<\/td>\n<\/tr>\n<tr>\n<td style=\"width: 149px;\"><img loading=\"lazy\" decoding=\"async\" class=\"alignnone size-full wp-image-1406\" src=\"https:\/\/svenska-foreningen-hannover.eu\/wp-content\/uploads\/Christoffer2.jpg\" alt=\"\" width=\"770\" height=\"1188\" srcset=\"https:\/\/svenska-foreningen-hannover.eu\/wp-content\/uploads\/Christoffer2.jpg 770w, https:\/\/svenska-foreningen-hannover.eu\/wp-content\/uploads\/Christoffer2-194x300.jpg 194w, https:\/\/svenska-foreningen-hannover.eu\/wp-content\/uploads\/Christoffer2-664x1024.jpg 664w, https:\/\/svenska-foreningen-hannover.eu\/wp-content\/uploads\/Christoffer2-768x1185.jpg 768w\" sizes=\"auto, (max-width: 770px) 100vw, 770px\" \/><\/td>\n<td style=\"text-align: left; vertical-align: top; width: 471.45px;\">\n<h3>Christoffer von Beetzen (kass\u00f6r)<\/h3>\n<p>Jag kommer fr\u00e5n Stockholm och jobbar som ingenj\u00f6r. Med svenska f\u00f6reningen i Hannover gillar jag framf\u00f6rallt barntr\u00e4ffarna, d\u00e4r mina barn f\u00e5r chansen att leka med andra svenskspr\u00e5kiga barn!<\/td>\n<\/tr>\n<tr>\n<td style=\"width: 152px;\"><img loading=\"lazy\" decoding=\"async\" class=\"alignnone wp-image-1129 size-full\" src=\"https:\/\/svenska-foreningen-hannover.eu\/wp-content\/uploads\/IMG_1700.jpg\" alt=\"\" width=\"394\" height=\"524\" srcset=\"https:\/\/svenska-foreningen-hannover.eu\/wp-content\/uploads\/IMG_1700.jpg 394w, https:\/\/svenska-foreningen-hannover.eu\/wp-content\/uploads\/IMG_1700-226x300.jpg 226w\" sizes=\"auto, (max-width: 394px) 100vw, 394px\" \/><\/td>\n<td style=\"text-align: left; vertical-align: top; width: 492.483px;\">\n<h3>Charlotte Scherping Larsson (ledamot)<\/h3>\n<p>Jag \u00e4r f\u00f6dd och uppvuxen i V\u00e4ster\u00e5s och bor sedan 2009 i Hamburg. 2017 flyttade jag till Hannover f\u00f6r att l\u00e4sa utbildningsvetenskap. Jag har varit aktiv i flera f\u00f6reningar, bland annat AIESEC i G\u00f6teborg och Esperantov\u00e4rldsungdomsf\u00f6rbundet.<br \/>\n2019 fick jag en liten dotter som jag vill ge m\u00f6jligheten att uppleva svensk kultur fr\u00e5n b\u00f6rjan h\u00e4r i staden.<\/td>\n<\/tr>\n<tr>\n<td style=\"width: 152px;\"><img loading=\"lazy\" decoding=\"async\" class=\"alignnone size-medium wp-image-1729\" src=\"https:\/\/svenska-foreningen-hannover.eu\/wp-content\/uploads\/IMG-20260111-WA0001-e1768739747720-225x300.jpg\" alt=\"\" width=\"225\" height=\"300\" srcset=\"https:\/\/svenska-foreningen-hannover.eu\/wp-content\/uploads\/IMG-20260111-WA0001-e1768739747720-225x300.jpg 225w, https:\/\/svenska-foreningen-hannover.eu\/wp-content\/uploads\/IMG-20260111-WA0001-e1768739747720-767x1024.jpg 767w, https:\/\/svenska-foreningen-hannover.eu\/wp-content\/uploads\/IMG-20260111-WA0001-e1768739747720-768x1026.jpg 768w, https:\/\/svenska-foreningen-hannover.eu\/wp-content\/uploads\/IMG-20260111-WA0001-e1768739747720-1150x1536.jpg 1150w, https:\/\/svenska-foreningen-hannover.eu\/wp-content\/uploads\/IMG-20260111-WA0001-e1768739747720.jpg 1156w\" sizes=\"auto, (max-width: 225px) 100vw, 225px\" \/><br \/>\n<!--img class=\"alignnone size-medium wp-image-1129\" src=\"\" alt=\"\" width=\"113\" height=\"150\" \/--><\/td>\n<td style=\"text-align: left; vertical-align: top; width: 492.483px;\">\n<h3>Katharina Saalbach (ledamot)<\/h3>\n<p>Som tyska, som tillbringade n\u00e4stan alla sommarlov under sin barndom i Sverige, b\u00f6rjade jag tidigt att \u00e4lska landet, kulturen och m\u00e4nniskorna.<br \/>\nNu var det h\u00f6g tid att \u00e4ntligen l\u00e4ra mig spr\u00e5ket. P\u00e5 Svensktr\u00e4ff kan jag bef\u00e4sta det jag har l\u00e4rt mig och f\u00e5 nya v\u00e4nner. Jag tycker ocks\u00e5 om att sjunga i den svenska k\u00f6ren.<\/td>\n<\/tr>\n<tr>\n<td style=\"width: 152px;\"><!--img class=\"alignnone size-medium wp-image-1129\" src=\"\" alt=\"\" width=\"113\" height=\"150\" \/--><\/td>\n<td style=\"text-align: left; vertical-align: top; width: 492.483px;\">\n<h3>Stefan Endemann (ledamot)<\/h3>\n<p>&nbsp;<\/td>\n<\/tr>\n<tr>\n<td style=\"width: 152px;\"><img loading=\"lazy\" decoding=\"async\" class=\"alignnone size-medium wp-image-1731\" src=\"https:\/\/svenska-foreningen-hannover.eu\/wp-content\/uploads\/PXL_20260118_122703185-226x300.jpg\" alt=\"\" width=\"226\" height=\"300\" srcset=\"https:\/\/svenska-foreningen-hannover.eu\/wp-content\/uploads\/PXL_20260118_122703185-226x300.jpg 226w, https:\/\/svenska-foreningen-hannover.eu\/wp-content\/uploads\/PXL_20260118_122703185-771x1024.jpg 771w, https:\/\/svenska-foreningen-hannover.eu\/wp-content\/uploads\/PXL_20260118_122703185-768x1020.jpg 768w, https:\/\/svenska-foreningen-hannover.eu\/wp-content\/uploads\/PXL_20260118_122703185-1157x1536.jpg 1157w, https:\/\/svenska-foreningen-hannover.eu\/wp-content\/uploads\/PXL_20260118_122703185-1542x2048.jpg 1542w, https:\/\/svenska-foreningen-hannover.eu\/wp-content\/uploads\/PXL_20260118_122703185-scaled.jpg 1928w\" sizes=\"auto, (max-width: 226px) 100vw, 226px\" \/><!--img class=\"alignnone size-medium wp-image-1129\" src=\"\" alt=\"\" width=\"113\" height=\"150\" \/--><\/td>\n<td style=\"text-align: left; vertical-align: top; width: 492.483px;\">\n<h3>Britta Lieske (ledamot)<\/h3>\n<p>Jag \u00e4r utbildad dokumentalist (FH) och \u00e4r f\u00f6dd 1968 i Hannover. Jag \u00e4r och har varit aktiv i olika organisationer och f\u00f6reningar i m\u00e5nga \u00e5r. Bland dessa kan n\u00e4mnas SJD-Die Falken (Unga \u00d6rner i Sverige) och BFFL Hannover.<\/p>\n<p>Mitt intresse f\u00f6r Sverige v\u00e4cktes f\u00f6r m\u00e5nga \u00e5r sedan av den svenska popgruppen ABBA. Av den anledningen bes\u00f6kte jag Sverige f\u00f6r f\u00f6rsta g\u00e5ngen 1986 och senare flera g\u00e5nger. \u00c5r 1993 b\u00f6rjade jag l\u00e4ra mig svenska tillsammans med Olaf Wildeboer.<\/td>\n<\/tr>\n<\/tbody>\n<\/table>\n<p><\/p>","protected":false},"excerpt":{"rendered":"<p>Bodil Mohlund (ordf\u00f6rande) Jag kommer fr\u00e5n Ljusdal och \u00e4r glad \u00f6ver att vara ny ordf\u00f6rande! Olaf Wildeboer (sekreterare) Jag \u00e4r f\u00f6r tillf\u00e4llet sekreterare i f\u00f6reningen och uppvuxen i Hannover. Sedan 1996 \u00e4r jag aktiv som b\u00e5tbyggare bl. a. i Stockholm och har l\u00e4rt mig svenska sedan dess. I v\u00e5r f\u00f6rening har svenskar och tyskar bra<\/p>\n","protected":false},"author":1,"featured_media":0,"parent":0,"menu_order":0,"comment_status":"closed","ping_status":"closed","template":"","meta":{"footnotes":""},"class_list":["post-141","page","type-page","status-publish","hentry"],"_links":{"self":[{"href":"https:\/\/svenska-foreningen-hannover.eu\/SE\/wp-json\/wp\/v2\/pages\/141","targetHints":{"allow":["GET"]}}],"collection":[{"href":"https:\/\/svenska-foreningen-hannover.eu\/SE\/wp-json\/wp\/v2\/pages"}],"about":[{"href":"https:\/\/svenska-foreningen-hannover.eu\/SE\/wp-json\/wp\/v2\/types\/page"}],"author":[{"embeddable":true,"href":"https:\/\/svenska-foreningen-hannover.eu\/SE\/wp-json\/wp\/v2\/users\/1"}],"replies":[{"embeddable":true,"href":"https:\/\/svenska-foreningen-hannover.eu\/SE\/wp-json\/wp\/v2\/comments?post=141"}],"version-history":[{"count":183,"href":"https:\/\/svenska-foreningen-hannover.eu\/SE\/wp-json\/wp\/v2\/pages\/141\/revisions"}],"predecessor-version":[{"id":1736,"href":"https:\/\/svenska-foreningen-hannover.eu\/SE\/wp-json\/wp\/v2\/pages\/141\/revisions\/1736"}],"wp:attachment":[{"href":"https:\/\/svenska-foreningen-hannover.eu\/SE\/wp-json\/wp\/v2\/media?parent=141"}],"curies":[{"name":"wp","href":"https:\/\/api.w.org\/{rel}","templated":true}]}}