{"id":155,"date":"2014-02-02T01:45:27","date_gmt":"2014-02-02T00:45:27","guid":{"rendered":"http:\/\/svenska-foreningen-hannover.eu\/?page_id=155"},"modified":"2025-07-14T21:14:59","modified_gmt":"2025-07-14T19:14:59","slug":"svensktraeff","status":"publish","type":"page","link":"https:\/\/svenska-foreningen-hannover.eu\/SE\/svensktraeff\/","title":{"rendered":"Svensktr\u00e4ff"},"content":{"rendered":"<p><\/p>\n<h3 style=\"text-align: justify;\">Bl\u00e5-gul tr\u00e4ff!<\/h3>\n<p>Svensktr\u00e4ffen \u00e4ger rum en g\u00e5ng i m\u00e5naden \u2013 som regel den andra fredagen i m\u00e5naden kl. 18.00. Vi tr\u00e4ffas i en lokal n\u00e4ra centrum och ni hittar oss vid ett bord med en svensk flagga. Alla medlemmar f\u00e5r ett p\u00e5minnelsemejl i god tid f\u00f6re med datum och plats.<\/p>\n<p>Vi \u00e4r ca. 10\u201325 personer i olika \u00e5ldrar med olika intressen och yrken som tycker att det \u00e4r kul att gemensamt ta en \u00f6l eller ett glas vin, kanske \u00e4ta en middag eller lite tapas och snacka lite om allt m\u00f6jligt. Alla nationaliteter \u00e4r v\u00e4lkomna!<\/p>\n<p>M\u00e5let med svensktr\u00e4ffarna \u00e4r att prata svenska, d\u00e4rf\u00f6r kr\u00e4vs det konversationsniv\u00e5 p\u00e5 din svenska.<\/p>\n<p>Vi har plats till fler vid v\u00e5rt bord, s\u00e5 v\u00e4lkomna till bordet med\u00a0<strong>flaggan!<\/strong><strong>\u00a0<\/strong><\/p>\n<p>Svensktr\u00e4ffen har sommarpaus i juli och augusti och i december (se fester).<\/p>\n<p>&nbsp;<\/p>\n<p style=\"text-align: justify;\">[eventlist categories=&#8221;2&#8243; limit=12]<strong><br \/>\n<\/strong><\/p>\n<p><\/p>","protected":false},"excerpt":{"rendered":"<p>Bl\u00e5-gul tr\u00e4ff! Svensktr\u00e4ffen \u00e4ger rum en g\u00e5ng i m\u00e5naden \u2013 som regel den andra fredagen i m\u00e5naden kl. 18.00. Vi tr\u00e4ffas i en lokal n\u00e4ra centrum och ni hittar oss vid ett bord med en svensk flagga. Alla medlemmar f\u00e5r ett p\u00e5minnelsemejl i god tid f\u00f6re med datum och plats. Vi \u00e4r ca. 10\u201325 personer<\/p>\n","protected":false},"author":1,"featured_media":407,"parent":0,"menu_order":0,"comment_status":"closed","ping_status":"closed","template":"","meta":{"footnotes":""},"class_list":["post-155","page","type-page","status-publish","has-post-thumbnail","hentry"],"_links":{"self":[{"href":"https:\/\/svenska-foreningen-hannover.eu\/SE\/wp-json\/wp\/v2\/pages\/155","targetHints":{"allow":["GET"]}}],"collection":[{"href":"https:\/\/svenska-foreningen-hannover.eu\/SE\/wp-json\/wp\/v2\/pages"}],"about":[{"href":"https:\/\/svenska-foreningen-hannover.eu\/SE\/wp-json\/wp\/v2\/types\/page"}],"author":[{"embeddable":true,"href":"https:\/\/svenska-foreningen-hannover.eu\/SE\/wp-json\/wp\/v2\/users\/1"}],"replies":[{"embeddable":true,"href":"https:\/\/svenska-foreningen-hannover.eu\/SE\/wp-json\/wp\/v2\/comments?post=155"}],"version-history":[{"count":42,"href":"https:\/\/svenska-foreningen-hannover.eu\/SE\/wp-json\/wp\/v2\/pages\/155\/revisions"}],"predecessor-version":[{"id":1592,"href":"https:\/\/svenska-foreningen-hannover.eu\/SE\/wp-json\/wp\/v2\/pages\/155\/revisions\/1592"}],"wp:featuredmedia":[{"embeddable":true,"href":"https:\/\/svenska-foreningen-hannover.eu\/SE\/wp-json\/wp\/v2\/media\/407"}],"wp:attachment":[{"href":"https:\/\/svenska-foreningen-hannover.eu\/SE\/wp-json\/wp\/v2\/media?parent=155"}],"curies":[{"name":"wp","href":"https:\/\/api.w.org\/{rel}","templated":true}]}}