{"id":1741,"date":"2026-01-27T17:29:40","date_gmt":"2026-01-27T16:29:40","guid":{"rendered":"https:\/\/svenska-foreningen-hannover.eu\/?page_id=1741"},"modified":"2026-05-09T15:37:21","modified_gmt":"2026-05-09T13:37:21","slug":"jahresplanung-2026-2","status":"publish","type":"page","link":"https:\/\/svenska-foreningen-hannover.eu\/SE\/jahresplanung-2026-2\/","title":{"rendered":"\u00e5rsplan 2026"},"content":{"rendered":"<p><\/p>\n<h2><strong>Prelimin\u00e4r \u00e5rsplan f\u00f6r Svenska F\u00f6reningen Hannover<\/strong><\/h2>\n<p>&nbsp;<\/p>\n<ul style=\"list-style-type: circle;\">\n<li>\u00a0<strong>Varannan fredag i m\u00e5naden<\/strong>* tr\u00e4ffas vi f\u00f6r en avslappnad sammankomst som kallas <strong>Svensktr\u00e4ff<\/strong>. N\u00e4sta tr\u00e4ff kommer d\u00e4rf\u00f6r att \u00e4ga rum<br \/>\n<strong>fredag 13 mars 2026, fr\u00e5n och med kl. 18.00<\/strong> p\u00e5 Ristorante Toscanini, Hildesheimer Stra\u00dfe 67, Hannover S\u00fcdstadt.Det \u00e4r en informell sammankomst d\u00e4r vi pratar svenska.<br \/>\n* Inte under m\u00e5nader med st\u00f6rre evenemang (april, juni, september, december).<\/li>\n<\/ul>\n<p>&nbsp;<\/p>\n<ul style=\"list-style-type: circle;\">\n<li>\u00a0\u00c4ven i februari g\u00f6r vi en resa till teatern i <strong>Hamburg<\/strong>. Deltagarna b\u00f6r ha tillr\u00e4ckliga kunskaper i svenska f\u00f6r att f\u00f6lja <strong>&#8220;Teater Goddag&#8221;<\/strong>.<br \/>\n<strong>Fredag 27 februari 2026, kl. 19.00<br \/>\n<\/strong>Teater Goddag, Svenska Gustaf-Adolfsf\u00f6rsamlingen, Hamburg<br \/>\nDen som vill resa med oss b\u00f6r kontakta Olaf eller en styrelseledamot direkt.<\/li>\n<\/ul>\n<p>&nbsp;<\/p>\n<ul style=\"list-style-type: circle;\">\n<li>Vi hoppas f\u00e5 se m\u00e5nga medlemmar och de som vill bli medlemmar <strong>p\u00e5 \u00e5rsm\u00f6tet f\u00f6r Svenska F\u00f6reningen<\/strong> i Hannover <strong>s\u00f6ndagen den 1 mars 2026<\/strong>. Vi kommer att meddela exakt tid i mejlet, eller de som \u00e4nnu inte finns med p\u00e5 mejllistan kan fr\u00e5ga styrelsen.<\/li>\n<\/ul>\n<p>&nbsp;<\/p>\n<ul style=\"list-style-type: circle;\">\n<li><strong>Bokhandeln Leuenhagen &amp; Paris anordnar en uppl\u00e4sning med Malin Thunberg Schunke<\/strong> fr\u00e5n hennes kriminalroman &#8220;T\u00f6dliche Felder&#8221;<br \/>\n<strong>torsdagen den 12 mars 2026 kl. 17.00.<br \/>\n<\/strong>Evenemanget h\u00e5lls p\u00e5 tyska.<br \/>\nVill du inte g\u00e5 ensam? Kontakta d\u00e5 styrelsen. N\u00e5gon fr\u00e5n v\u00e5r grupp kommer definitivt att vara d\u00e4r.<\/li>\n<\/ul>\n<p>&nbsp;<\/p>\n<ul style=\"list-style-type: circle;\">\n<li><strong>Valborg<\/strong> \u00e4ger traditionellt rum den <strong>30 april,<\/strong> kl. 16.00 Markera i era kalendrar!<\/li>\n<\/ul>\n<p>&nbsp;<\/p>\n<ul style=\"list-style-type: circle;\">\n<li>Den n\u00e4st st\u00f6rsta h\u00f6gtiden i Sverige efter jul \u00e4r <strong>midsommar<\/strong>. Midsommarafton i Sverige \u00e4ger alltid rum p\u00e5 fredagen mellan 19 och 25 juni. I \u00e5r \u00e4r det <strong>fredagen den 19 juni 2026.<\/strong> Vi kommer snart att informera er om tid och plats f\u00f6r v\u00e5r sammankomst.<\/li>\n<\/ul>\n<p>&nbsp;<\/p>\n<ul style=\"list-style-type: circle;\">\n<li><strong>L\u00f6rdagen den 29 augusti<\/strong> kommer vi troligtvis att fira <strong>Kr\u00e4ftskiva<\/strong>. Vi h\u00e5ller just nu p\u00e5 att slutf\u00f6ra planerna och kommer att meddela exakt tid och plats s\u00e5 snart som m\u00f6jligt.<\/li>\n<\/ul>\n<p>&nbsp;<\/p>\n<ul style=\"list-style-type: circle;\">\n<li><strong>Lucia<\/strong> kommer ocks\u00e5 att h\u00e5llas i \u00e5r igen. Tyv\u00e4rr kan vi \u00e4nnu inte meddela n\u00e5got datum, eftersom vi beh\u00f6ver se n\u00e4r pastorn kan reservera en dag f\u00f6r oss och hur kyrkan och f\u00f6rsamlingshemmet \u00e4r bokade. Vi kommer ocks\u00e5 att meddela er s\u00e5 snart som m\u00f6jligt.<\/li>\n<\/ul>\n<p><strong>Vi ser fram emot ett fantastiskt \u00e5r med er!<\/strong><\/p>","protected":false},"excerpt":{"rendered":"<p>Prelimin\u00e4r \u00e5rsplan f\u00f6r Svenska F\u00f6reningen Hannover &nbsp; \u00a0Varannan fredag i m\u00e5naden* tr\u00e4ffas vi f\u00f6r en avslappnad sammankomst som kallas Svensktr\u00e4ff. N\u00e4sta tr\u00e4ff kommer d\u00e4rf\u00f6r att \u00e4ga rum fredag 13 mars 2026, fr\u00e5n och med kl. 18.00 p\u00e5 Ristorante Toscanini, Hildesheimer Stra\u00dfe 67, Hannover S\u00fcdstadt.Det \u00e4r en informell sammankomst d\u00e4r vi pratar svenska. * Inte under<\/p>\n","protected":false},"author":5,"featured_media":0,"parent":0,"menu_order":0,"comment_status":"closed","ping_status":"closed","template":"","meta":{"footnotes":""},"class_list":["post-1741","page","type-page","status-publish","hentry"],"_links":{"self":[{"href":"https:\/\/svenska-foreningen-hannover.eu\/SE\/wp-json\/wp\/v2\/pages\/1741","targetHints":{"allow":["GET"]}}],"collection":[{"href":"https:\/\/svenska-foreningen-hannover.eu\/SE\/wp-json\/wp\/v2\/pages"}],"about":[{"href":"https:\/\/svenska-foreningen-hannover.eu\/SE\/wp-json\/wp\/v2\/types\/page"}],"author":[{"embeddable":true,"href":"https:\/\/svenska-foreningen-hannover.eu\/SE\/wp-json\/wp\/v2\/users\/5"}],"replies":[{"embeddable":true,"href":"https:\/\/svenska-foreningen-hannover.eu\/SE\/wp-json\/wp\/v2\/comments?post=1741"}],"version-history":[{"count":14,"href":"https:\/\/svenska-foreningen-hannover.eu\/SE\/wp-json\/wp\/v2\/pages\/1741\/revisions"}],"predecessor-version":[{"id":1801,"href":"https:\/\/svenska-foreningen-hannover.eu\/SE\/wp-json\/wp\/v2\/pages\/1741\/revisions\/1801"}],"wp:attachment":[{"href":"https:\/\/svenska-foreningen-hannover.eu\/SE\/wp-json\/wp\/v2\/media?parent=1741"}],"curies":[{"name":"wp","href":"https:\/\/api.w.org\/{rel}","templated":true}]}}