{"id":2,"date":"2013-04-26T05:40:35","date_gmt":"2013-04-26T05:40:35","guid":{"rendered":"http:\/\/svenska-foreningen-hannover.eu\/\/?page_id=2"},"modified":"2025-04-14T13:29:54","modified_gmt":"2025-04-14T11:29:54","slug":"geschichte","status":"publish","type":"page","link":"https:\/\/svenska-foreningen-hannover.eu\/SE\/geschichte\/","title":{"rendered":"Historia"},"content":{"rendered":"<p><\/p>\n<p style=\"text-align: justify;\">Laisa ber\u00e4ttar om ursprung och fester:<br \/>\nSedan m\u00e5nga \u00e5r bor svenskar i Hannover och de f\u00f6rsta gemensama aktiviteterna \u00e4gde rum i b\u00f6rjan av 1900- talet -det \u00e4r 100 \u00e5r sedan I slutet av 60-talet bildade svenskorna &#8220;svenska klubben&#8221; och i samband med EXPO 2000 lades grunden till &#8220;Schwedischer Verein Hannover e.V.&#8221; De flesta svenskarna h\u00e4r i Hannover har varit i &#8220;halvsvenska&#8221; familjer. F\u00f6r det mesta var det kvinnan. D\u00e5 Sverige blev medlem i EU \u00e4ndrades bilden och nu finns det ocks\u00e5 m\u00e5nga &#8220;helsvenska&#8221; familjer i och runt Hannover. Lucia \u00e4r fortfarande v\u00e5r st\u00f6rsta svenskfest h\u00e4r i Hannover. Ca 1918 var det f\u00f6rsta Luciafirande p\u00e5 Henriettenstiftung och vi firade d\u00e4r \u00e4nda fram till 1992, med avbrott f\u00f6r krigs\u00e5ren. Mellan 1993 och 2003 firades Lucia i olika f\u00f6rsamlingshem och klubblokaler och nu \u00e4r vi tillbaka i den rymliga lokalen p\u00e5 Henriettenstiftung. Festen b\u00f6rjar med en gudstj\u00e4nst kl 15.00. Pr\u00e4sten kom f\u00f6rr fr\u00e5n Berlin, numera kommer han fr\u00e5n Svenska Kyrkan i Hamburg. Valborg &#8230; har firats under alla \u00e5r, privat eller n\u00e5gonstans d\u00e4r vi f\u00e5tt g\u00f6ra en liten l\u00e4gereld. Vi grillar och dukar upp ett buff\u00e9bord med sallader och ett bord med bullar och kakor. Under grillningen spelar vi ofta br\u00e4nnboll och lekar olika lekar. D\u00e5 det b\u00f6rjar m\u00f6rkna t\u00e4nds valborgsm\u00e4ssoelden, vi sjunger v\u00e5rs\u00e5nger och hurrar f\u00f6r v\u00e5ren och v\u00e5r kung som ju fyller \u00e5r den dagen. Midsommar &#8230; har ocks\u00e5 firats av svenskarna h\u00e4r i Hannover sedan l\u00e4nge. F\u00f6rr var det mest privat och ibland bj\u00f6d konsuln p\u00e5 stort firande med lekar, dans kring majst\u00e5ngen och buff\u00e9t. Nu \u00e4r f\u00f6reningen s\u00e5 stor att vi oftas bara ryms p\u00e5 restauranger. Kr\u00e4ftor &#8230; \u00e4ts &#8230; och har \u00e4tits som sig b\u00f6r. Tr\u00e4ffar en g\u00e5ng per m\u00e5nad p\u00e5 n\u00e5gon restaurang eller privat har alltid funnits. Vi kallar det &#8220;tjejtr\u00e4ff&#8221;, vi umg\u00e5s med varandra och har en trevlig kv\u00e4ll. Barntr\u00e4ffar &#8230; f\u00f6r yngre eller \u00e4ldre barn har kommit tillst\u00e5nd d\u00e5 det funnits aktiva mammor. I mitten av 90-talet kunde svenska barn \u00e4ven f\u00e5 undervisning i svenska en g\u00e5ng i veckan.<\/p>\n<p>&nbsp;<\/p>\n<p>&nbsp;<\/p>\n<p>V\u00e5r f\u00f6rening har \u00f6verlevt de sv\u00e5ra tiderna kring Corona och vi \u00e4r mer aktiva \u00e4n n\u00e5gonsin och hoppas kunna forts\u00e4tta s\u00e5 i framtiden!<\/p>\n<p>Ut\u00f6ver de firanden vi redan har bjudit p\u00e5, som midsommarfesten, kr\u00e4ftskivan och luciafirandet, samlas vi nu \u00e4ven regelbundet till Valborgsfesten (Valborgsm\u00e4ssoafton) och Surstr\u00f6mmingskivan.<\/p>\n<p>De m\u00e5nader d\u00e5 inget stort firande \u00e4r planerat har vi Svensktr\u00e4ff den andra fredagen i m\u00e5naden. D\u00e4r ses vi och pratar svenska.<\/p>\n<p>En g\u00e5ng i m\u00e5naden har vi ocks\u00e5 barntr\u00e4ffar f\u00f6r barn och deras f\u00f6r\u00e4ldrar, f\u00f6r att prata svenska och leka.<\/p>\n<p>Svenska k\u00f6ren brukar upptr\u00e4da till Lucia och Valborg, och vi ses och \u00f6var i god tid inf\u00f6r det.<\/p>\n<p>Tyv\u00e4rr kan f\u00f6reningen inte erbjuda svenskundervisning. Ibland kan vi erbjuda m\u00f6jligheter att ses i sm\u00e5 grupper f\u00f6r att \u00f6va och f\u00f6rb\u00e4ttra svenskan.<\/p>\n<p>&nbsp;<\/p>","protected":false},"excerpt":{"rendered":"<p>Laisa ber\u00e4ttar om ursprung och fester: Sedan m\u00e5nga \u00e5r bor svenskar i Hannover och de f\u00f6rsta gemensama aktiviteterna \u00e4gde rum i b\u00f6rjan av 1900- talet -det \u00e4r 100 \u00e5r sedan I slutet av 60-talet bildade svenskorna &#8220;svenska klubben&#8221; och i samband med EXPO 2000 lades grunden till &#8220;Schwedischer Verein Hannover e.V.&#8221; De flesta svenskarna h\u00e4r<\/p>\n","protected":false},"author":1,"featured_media":111,"parent":0,"menu_order":0,"comment_status":"closed","ping_status":"open","template":"","meta":{"footnotes":""},"class_list":["post-2","page","type-page","status-publish","has-post-thumbnail","hentry"],"_links":{"self":[{"href":"https:\/\/svenska-foreningen-hannover.eu\/SE\/wp-json\/wp\/v2\/pages\/2","targetHints":{"allow":["GET"]}}],"collection":[{"href":"https:\/\/svenska-foreningen-hannover.eu\/SE\/wp-json\/wp\/v2\/pages"}],"about":[{"href":"https:\/\/svenska-foreningen-hannover.eu\/SE\/wp-json\/wp\/v2\/types\/page"}],"author":[{"embeddable":true,"href":"https:\/\/svenska-foreningen-hannover.eu\/SE\/wp-json\/wp\/v2\/users\/1"}],"replies":[{"embeddable":true,"href":"https:\/\/svenska-foreningen-hannover.eu\/SE\/wp-json\/wp\/v2\/comments?post=2"}],"version-history":[{"count":13,"href":"https:\/\/svenska-foreningen-hannover.eu\/SE\/wp-json\/wp\/v2\/pages\/2\/revisions"}],"predecessor-version":[{"id":1465,"href":"https:\/\/svenska-foreningen-hannover.eu\/SE\/wp-json\/wp\/v2\/pages\/2\/revisions\/1465"}],"wp:featuredmedia":[{"embeddable":true,"href":"https:\/\/svenska-foreningen-hannover.eu\/SE\/wp-json\/wp\/v2\/media\/111"}],"wp:attachment":[{"href":"https:\/\/svenska-foreningen-hannover.eu\/SE\/wp-json\/wp\/v2\/media?parent=2"}],"curies":[{"name":"wp","href":"https:\/\/api.w.org\/{rel}","templated":true}]}}