{"id":242,"date":"2014-02-09T11:53:26","date_gmt":"2014-02-09T10:53:26","guid":{"rendered":"http:\/\/svenska-foreningen-hannover.eu\/?page_id=242"},"modified":"2025-07-03T13:34:53","modified_gmt":"2025-07-03T11:34:53","slug":"hi","status":"publish","type":"page","link":"https:\/\/svenska-foreningen-hannover.eu\/SE\/","title":{"rendered":"Svenska F\u00f6reningen Hannover"},"content":{"rendered":"<p style=\"text-align: justify;\">Om du r\u00e5kade hamna p\u00e5 v\u00e5r hemsida av ren slump eller nyfikenhet, om du s\u00f6kt n\u00e5got eller vill ha information om v\u00e5r f\u00f6rening; p\u00e5 v\u00e5r hemsida hoppas vi, du finner vad du s\u00f6ker! Ha det s\u00e5 trevligt!<\/p>\r\n<p style=\"text-align: justify;\"><strong>Svenska F\u00f6reningen Hannover<\/strong> Svenska F\u00f6reningen i Hannover v\u00e4nder sig till alla som har ett speciellt intresse f\u00f6r Sverige och svenskarna. Vi v\u00e5rdar och v\u00e4rnar svenska traditioner, svensk kultur och svenska spr\u00e5ket genom att anordna kulturella evenemang. Dessutom erbjuder vi i samarbete med Svenska Konsulatet i Hannover nyinflyttade svenska medborgare st\u00f6d och hj\u00e4lp med att finna sig tillr\u00e4tta i Hannover. I f\u00f6reningen talar vi svenska och tyska. F\u00f6reningen har f\u00f6r n\u00e4rvarande ungef\u00e4r 130 medlemmar.<\/p>\r\n<p style=\"text-align: justify;\"><strong>Aktiviteter:<\/strong> Varje \u00e5r arrangerar vi traditionella svenska h\u00f6gtider och fester, s\u00e5som valborgsm\u00e4ssoafton, midsommarafton, kr\u00e4ftskiva och lucia. En g\u00e5ng i m\u00e5naden har vi en svensktr\u00e4ff d\u00e4r vi tr\u00e4ffas f\u00f6r att prata med varandra och ha det trevligt. D\u00e4rut\u00f6ver arrangeras bes\u00f6k p\u00e5 kulturella institutioner, utflykter, f\u00f6redrag osv. V\u00e5ra medlemmar f\u00e5r regelbundet aktuell information om Sverige samt tips om konserter, recitationer, teaterprogram m m med anknytning till Sverige.<\/p>\r\n<p style=\"text-align: justify;\"><strong><a href=\"https:\/\/svenska-foreningen-hannover.eu\/wp-content\/uploads\/4002.gif\"><img loading=\"lazy\" decoding=\"async\" class=\"alignleft\" src=\"https:\/\/svenska-foreningen-hannover.eu\/wp-content\/uploads\/4002.gif\" alt=\"4002\" width=\"97\" height=\"113\" \/><\/a><\/strong>F\u00f6reningens syfte: Svenska F\u00f6reningen fr\u00e4mjar det kulturella utbytet mellan svenskar och tyskar i Hannover med omnejd. Vi \u00e4r uteslutande ideellt verksamma f\u00f6r att fr\u00e4mja samf\u00f6rst\u00e5nd mellan svenska och tyska medborgare.<\/p>\r\n<p>Donationer och medlemsavgifter till f\u00f6reningen \u00e4r avdragsgilla. Vi utf\u00e4rdar \u00e5rliga donationskvitton p\u00e5 beg\u00e4ran. <br \/>Den \u00e5rliga medlemsavgiften \u00e4r f\u00f6r n\u00e4rvarande endast 12,00 euro per person.<\/p>","protected":false},"excerpt":{"rendered":"<p>Om du r\u00e5kade hamna p\u00e5 v\u00e5r hemsida av ren slump eller nyfikenhet, om du s\u00f6kt n\u00e5got eller vill ha information om v\u00e5r f\u00f6rening; p\u00e5 v\u00e5r hemsida hoppas vi, du finner vad du s\u00f6ker! Ha det s\u00e5 trevligt! Svenska F\u00f6reningen Hannover Svenska F\u00f6reningen i Hannover v\u00e4nder sig till alla som har ett speciellt intresse f\u00f6r Sverige<\/p>\n","protected":false},"author":1,"featured_media":92,"parent":0,"menu_order":0,"comment_status":"closed","ping_status":"closed","template":"","meta":{"footnotes":""},"class_list":["post-242","page","type-page","status-publish","has-post-thumbnail","hentry"],"_links":{"self":[{"href":"https:\/\/svenska-foreningen-hannover.eu\/SE\/wp-json\/wp\/v2\/pages\/242","targetHints":{"allow":["GET"]}}],"collection":[{"href":"https:\/\/svenska-foreningen-hannover.eu\/SE\/wp-json\/wp\/v2\/pages"}],"about":[{"href":"https:\/\/svenska-foreningen-hannover.eu\/SE\/wp-json\/wp\/v2\/types\/page"}],"author":[{"embeddable":true,"href":"https:\/\/svenska-foreningen-hannover.eu\/SE\/wp-json\/wp\/v2\/users\/1"}],"replies":[{"embeddable":true,"href":"https:\/\/svenska-foreningen-hannover.eu\/SE\/wp-json\/wp\/v2\/comments?post=242"}],"version-history":[{"count":17,"href":"https:\/\/svenska-foreningen-hannover.eu\/SE\/wp-json\/wp\/v2\/pages\/242\/revisions"}],"predecessor-version":[{"id":1589,"href":"https:\/\/svenska-foreningen-hannover.eu\/SE\/wp-json\/wp\/v2\/pages\/242\/revisions\/1589"}],"wp:featuredmedia":[{"embeddable":true,"href":"https:\/\/svenska-foreningen-hannover.eu\/SE\/wp-json\/wp\/v2\/media\/92"}],"wp:attachment":[{"href":"https:\/\/svenska-foreningen-hannover.eu\/SE\/wp-json\/wp\/v2\/media?parent=242"}],"curies":[{"name":"wp","href":"https:\/\/api.w.org\/{rel}","templated":true}]}}